{"id":11,"date":"2018-02-26T13:45:42","date_gmt":"2018-02-26T10:45:42","guid":{"rendered":"http:\/\/strater.com.tr\/?page_id=11"},"modified":"2018-12-02T23:24:46","modified_gmt":"2018-12-02T20:24:46","slug":"kozyatagi-tercume","status":"publish","type":"page","link":"https:\/\/www.strater.com.tr\/en\/kozyatagi-tercume\/","title":{"rendered":"Yeni Yerimiz"},"content":{"rendered":"<h5>Yeni yerimiz, Kozyata\u011f\u0131 \u0130\u015f Merkezi Kad\u0131k\u00f6y adresimizde hizmetinizdeyiz.\u00a0<\/h5>\n<h5>Strater \u00c7eviri Merkezi olarak terc\u00fcme, yerelle\u015ftirme ve alt yaz\u0131 \u00e7evirileriniz i\u00e7in buraday\u0131z.<\/h5>\n<p><!-- Google Tag Manager --><\/p>\n<p><!-- End Google Tag Manager --><\/p>","protected":false},"excerpt":{"rendered":"<p>Yeni yerimiz, Kozyata\u011f\u0131 \u0130\u015f Merkezi Kad\u0131k\u00f6y adresimizde hizmetinizdeyiz.\u00a0 Strater \u00c7eviri Merkezi olarak terc\u00fcme, yerelle\u015ftirme ve alt yaz\u0131 \u00e7evirileriniz i\u00e7in buraday\u0131z.<\/p>","protected":false},"author":1,"featured_media":4,"parent":0,"menu_order":0,"comment_status":"closed","ping_status":"closed","template":"","meta":{"footnotes":""},"_links":{"self":[{"href":"https:\/\/www.strater.com.tr\/en\/wp-json\/wp\/v2\/pages\/11"}],"collection":[{"href":"https:\/\/www.strater.com.tr\/en\/wp-json\/wp\/v2\/pages"}],"about":[{"href":"https:\/\/www.strater.com.tr\/en\/wp-json\/wp\/v2\/types\/page"}],"author":[{"embeddable":true,"href":"https:\/\/www.strater.com.tr\/en\/wp-json\/wp\/v2\/users\/1"}],"replies":[{"embeddable":true,"href":"https:\/\/www.strater.com.tr\/en\/wp-json\/wp\/v2\/comments?post=11"}],"version-history":[{"count":5,"href":"https:\/\/www.strater.com.tr\/en\/wp-json\/wp\/v2\/pages\/11\/revisions"}],"predecessor-version":[{"id":418,"href":"https:\/\/www.strater.com.tr\/en\/wp-json\/wp\/v2\/pages\/11\/revisions\/418"}],"wp:featuredmedia":[{"embeddable":true,"href":"https:\/\/www.strater.com.tr\/en\/wp-json\/wp\/v2\/media\/4"}],"wp:attachment":[{"href":"https:\/\/www.strater.com.tr\/en\/wp-json\/wp\/v2\/media?parent=11"}],"curies":[{"name":"wp","href":"https:\/\/api.w.org\/{rel}","templated":true}]}}