{"id":1557,"date":"2022-02-26T20:04:44","date_gmt":"2022-02-26T20:04:44","guid":{"rendered":"https:\/\/www.strater.com.tr\/?page_id=1557"},"modified":"2022-02-26T20:08:29","modified_gmt":"2022-02-26T20:08:29","slug":"yerellestirme-2","status":"publish","type":"page","link":"https:\/\/www.strater.com.tr\/en\/yerellestirme-2\/","title":{"rendered":"Localization"},"content":{"rendered":"<h2>Localization<\/h2>\n<p>The hardware, software or the web page as a whole, that is, the product, is adapted to the target language in a culturally sensitive manner, taking into account universal-local values and in accordance with the requirements of the project.<\/p>\n<p>\u00a0<\/p>\n<p>The software localization service can only be provided by people who can read the code.\nWith our expert (computer engineer) and experienced personnel in this field, we guarantee you the best and error-free service in your software localizations.<\/p>\n<p>In STRATER, we work on the source text in many formats, including printed and electronic user manuals, xml files, et al., and we test it and deliver it to the customer without any problems.<\/p>","protected":false},"excerpt":{"rendered":"<p>Yerelle\u015ftirme Donan\u0131m, yaz\u0131l\u0131m veya bir b\u00fct\u00fcn olarak web sayfas\u0131 yani \u00fcr\u00fcn, k\u00fclt\u00fcrel bak\u0131mdan duyarl\u0131 bir bi\u00e7imde, evrensel-yerel de\u011ferler g\u00f6zetilerek ve projenin gereksinimlerine uygun olarak hedef dile uyarlanmaktad\u0131r. \u00a0 Yaz\u0131l\u0131m yerelle\u015ftirme hizmeti ancak kod okuyabilen ki\u015filer taraf\u0131ndan verilebilir. Bu alanda uzman (bilgisayar m\u00fchendisi) ve uluslararas\u0131 kod \u00e7evirileri yapma tecr\u00fcbesine sahip (x, y, z referanslar) personelimizle size [&hellip;]<\/p>\n","protected":false},"author":1,"featured_media":0,"parent":0,"menu_order":0,"comment_status":"closed","ping_status":"closed","template":"","meta":{"footnotes":""},"_links":{"self":[{"href":"https:\/\/www.strater.com.tr\/en\/wp-json\/wp\/v2\/pages\/1557"}],"collection":[{"href":"https:\/\/www.strater.com.tr\/en\/wp-json\/wp\/v2\/pages"}],"about":[{"href":"https:\/\/www.strater.com.tr\/en\/wp-json\/wp\/v2\/types\/page"}],"author":[{"embeddable":true,"href":"https:\/\/www.strater.com.tr\/en\/wp-json\/wp\/v2\/users\/1"}],"replies":[{"embeddable":true,"href":"https:\/\/www.strater.com.tr\/en\/wp-json\/wp\/v2\/comments?post=1557"}],"version-history":[{"count":7,"href":"https:\/\/www.strater.com.tr\/en\/wp-json\/wp\/v2\/pages\/1557\/revisions"}],"predecessor-version":[{"id":1565,"href":"https:\/\/www.strater.com.tr\/en\/wp-json\/wp\/v2\/pages\/1557\/revisions\/1565"}],"wp:attachment":[{"href":"https:\/\/www.strater.com.tr\/en\/wp-json\/wp\/v2\/media?parent=1557"}],"curies":[{"name":"wp","href":"https:\/\/api.w.org\/{rel}","templated":true}]}}