{"id":1567,"date":"2022-02-26T20:16:25","date_gmt":"2022-02-26T20:16:25","guid":{"rendered":"https:\/\/www.strater.com.tr\/?page_id=1567"},"modified":"2022-02-26T20:20:10","modified_gmt":"2022-02-26T20:20:10","slug":"yerellestirme-testi","status":"publish","type":"page","link":"https:\/\/www.strater.com.tr\/en\/yerellestirme-testi\/","title":{"rendered":"Localization Test"},"content":{"rendered":"<h2>Localization Test<\/h2>\n<p>Localization testing is about checking the suitability of the localized product.\nAt the customer's request, we test the localized product to verify or ensure that the software is compatible with the hardware environment.\nThe testing process also includes the preparation of an error report and the elimination of errors.<\/p>","protected":false},"excerpt":{"rendered":"<p>Yerelle\u015ftirme Testi Yerelle\u015ftirme testi, yerelle\u015ftirilen \u00fcr\u00fcn\u00fcn uygunlu\u011funu denetlemeyle ilgilidir. M\u00fc\u015fterinin talebi do\u011frultusunda, yerelle\u015ftirilen \u00fcr\u00fcn\u00fc do\u011frulamak veya yaz\u0131l\u0131m\u0131n, donan\u0131m ortam\u0131na uygunlu\u011funu sa\u011flamak i\u00e7in test ediyoruz. Test i\u015flemi, hata raporu haz\u0131rlanmas\u0131n\u0131 ve hatalar\u0131n giderilmesini de kapsamaktad\u0131r.<\/p>","protected":false},"author":1,"featured_media":0,"parent":0,"menu_order":0,"comment_status":"closed","ping_status":"closed","template":"","meta":{"footnotes":""},"_links":{"self":[{"href":"https:\/\/www.strater.com.tr\/en\/wp-json\/wp\/v2\/pages\/1567"}],"collection":[{"href":"https:\/\/www.strater.com.tr\/en\/wp-json\/wp\/v2\/pages"}],"about":[{"href":"https:\/\/www.strater.com.tr\/en\/wp-json\/wp\/v2\/types\/page"}],"author":[{"embeddable":true,"href":"https:\/\/www.strater.com.tr\/en\/wp-json\/wp\/v2\/users\/1"}],"replies":[{"embeddable":true,"href":"https:\/\/www.strater.com.tr\/en\/wp-json\/wp\/v2\/comments?post=1567"}],"version-history":[{"count":13,"href":"https:\/\/www.strater.com.tr\/en\/wp-json\/wp\/v2\/pages\/1567\/revisions"}],"predecessor-version":[{"id":1581,"href":"https:\/\/www.strater.com.tr\/en\/wp-json\/wp\/v2\/pages\/1567\/revisions\/1581"}],"wp:attachment":[{"href":"https:\/\/www.strater.com.tr\/en\/wp-json\/wp\/v2\/media?parent=1567"}],"curies":[{"name":"wp","href":"https:\/\/api.w.org\/{rel}","templated":true}]}}