{"id":676,"date":"2020-02-25T19:40:00","date_gmt":"2020-02-25T16:40:00","guid":{"rendered":"https:\/\/strater.com.tr\/membership-login\/"},"modified":"2020-02-27T10:12:03","modified_gmt":"2020-02-27T07:12:03","slug":"membership-login","status":"publish","type":"page","link":"https:\/\/www.strater.com.tr\/en\/membership-login\/","title":{"rendered":"\u00dcye Giri\u015fi"},"content":{"rendered":"<p><\/p>\n<h5>WEB S\u0130TES\u0130 KULLANIM KURALLARI VE G\u0130ZL\u0130L\u0130K S\u00d6ZLE\u015eMES\u0130<\/h5>\n<p>Siteye eri\u015fiminizden veya siteyi kullan\u0131m\u0131n\u0131zdan \u00f6nce l\u00fctfen bu s\u00f6zle\u015fmeyi dikkatle okuyunuz. Siteye eri\u015fmekle veya siteyi kullanmakla, a\u015fa\u011f\u0131da belirtilen \u015fartlar ve h\u00fck\u00fcmlerle ba\u011fl\u0131 olmay\u0131 kabul etmektesiniz.&nbsp;<\/p>\n<p>&#8230;Yaz\u0131n\u0131n tamam\u0131 i\u00e7in l\u00fctfen a\u015fa\u011f\u0131da yer alan&nbsp;\u00dcYEL\u0130K S\u00d6ZLE\u015eMES\u0130&nbsp; d\u00fc\u011fmesine t\u0131klay\u0131n.<\/p>\n<p><\/p>\n<p><a role=\"button\" href=\"https:\/\/strater.com.tr\/tr_tr\/uncategorized\/gizlilik-sozlesmesi\/\"><br>\u00dcYEL\u0130K S\u00d6ZLE\u015eMES\u0130<br><\/a><br><a role=\"button\" href=\"https:\/\/strater.com.tr\/tr_tr\/registration\/\"><br>KAYIT OLUN<br><\/a><\/p>\n\n<p>[pie_register_login]<\/p>\n","protected":false},"excerpt":{"rendered":"<p>WEB S\u0130TES\u0130 KULLANIM KURALLARI VE G\u0130ZL\u0130L\u0130K S\u00d6ZLE\u015eMES\u0130 Siteye eri\u015fiminizden veya siteyi kullan\u0131m\u0131n\u0131zdan \u00f6nce l\u00fctfen bu s\u00f6zle\u015fmeyi dikkatle okuyunuz. Siteye eri\u015fmekle veya siteyi kullanmakla, a\u015fa\u011f\u0131da belirtilen \u015fartlar ve h\u00fck\u00fcmlerle ba\u011fl\u0131 olmay\u0131 kabul etmektesiniz.&nbsp; &#8230;Yaz\u0131n\u0131n tamam\u0131 i\u00e7in l\u00fctfen a\u015fa\u011f\u0131da yer alan&nbsp;\u00dcYEL\u0130K S\u00d6ZLE\u015eMES\u0130&nbsp; d\u00fc\u011fmesine t\u0131klay\u0131n. \u00dcYEL\u0130K S\u00d6ZLE\u015eMES\u0130KAYIT OLUN<\/p>","protected":false},"author":1,"featured_media":0,"parent":0,"menu_order":2,"comment_status":"closed","ping_status":"closed","template":"","meta":{"footnotes":""},"_links":{"self":[{"href":"https:\/\/www.strater.com.tr\/en\/wp-json\/wp\/v2\/pages\/676"}],"collection":[{"href":"https:\/\/www.strater.com.tr\/en\/wp-json\/wp\/v2\/pages"}],"about":[{"href":"https:\/\/www.strater.com.tr\/en\/wp-json\/wp\/v2\/types\/page"}],"author":[{"embeddable":true,"href":"https:\/\/www.strater.com.tr\/en\/wp-json\/wp\/v2\/users\/1"}],"replies":[{"embeddable":true,"href":"https:\/\/www.strater.com.tr\/en\/wp-json\/wp\/v2\/comments?post=676"}],"version-history":[{"count":29,"href":"https:\/\/www.strater.com.tr\/en\/wp-json\/wp\/v2\/pages\/676\/revisions"}],"predecessor-version":[{"id":807,"href":"https:\/\/www.strater.com.tr\/en\/wp-json\/wp\/v2\/pages\/676\/revisions\/807"}],"wp:attachment":[{"href":"https:\/\/www.strater.com.tr\/en\/wp-json\/wp\/v2\/media?parent=676"}],"curies":[{"name":"wp","href":"https:\/\/api.w.org\/{rel}","templated":true}]}}