{"id":9,"date":"2018-02-26T13:45:42","date_gmt":"2018-02-26T10:45:42","guid":{"rendered":"http:\/\/strater.com.tr\/?page_id=9"},"modified":"2025-02-25T16:27:19","modified_gmt":"2025-02-25T16:27:19","slug":"bize-ulasin","status":"publish","type":"page","link":"https:\/\/www.strater.com.tr\/en\/bize-ulasin\/","title":{"rendered":"Contact Us"},"content":{"rendered":"<p><!-- Google Tag Manager --><\/p>\n<p><!-- End Google Tag Manager --><\/p>\n<p><!-- Global site tag (gtag.js) - Google Analytics --><\/p>\n<blockquote>\n<form id=\"content-form-673001e\" action=\"https:\/\/strater.com.tr\/wp-admin\/admin-post.php\" method=\"post\" name=\"content-form-673001e\"><input id=\"_wpnonce_contact\" name=\"_wpnonce_contact\" type=\"hidden\" value=\"726158de0d\" \/><input name=\"_wp_http_referer\" type=\"hidden\" value=\"\/wp-admin\/admin-ajax.php\" \/><input name=\"action\" type=\"hidden\" value=\"content_form_submit\" \/><input name=\"form-type\" type=\"hidden\" value=\"contact\" \/><input name=\"form-builder\" type=\"hidden\" value=\"elementor\" \/><input name=\"post-id\" type=\"hidden\" value=\"563\" \/><input name=\"form-id\" type=\"hidden\" value=\"673001e\" \/><strong>Address : <\/strong>Kozyata\u011f\u0131 Mah. Kaya Sultan Sk.No : 69 \/ 24 Kad\u0131k\u00f6y \u0130stanbul, T\u00fcrkiye<strong>Phone:<\/strong> +90 216 748 74 64<\/p>\n<p><strong>E-mail:<\/strong> <a href=\"mailto:info@strater.com.tr\">info@strater.com.tr<\/a><\/p>\n<\/form>\n<\/blockquote>\n<p><iframe loading=\"lazy\" style=\"border: 0;\" src=\"https:\/\/www.google.com\/maps\/embed?pb=!1m14!1m8!1m3!1d6023.029253957642!2d29.027104!3d40.992108!3m2!1i1024!2i768!4f13.1!3m3!1m2!1s0x0%3A0x92d4d059453390e5!2zU1RSQVRFUiDDh0VWxLBSxLAgTUVSS0VaxLA!5e0!3m2!1str!2str!4v1522844297417\" width=\"600\" height=\"450\" frameborder=\"0\" allowfullscreen=\"allowfullscreen\"><\/iframe><\/p>","protected":false},"excerpt":{"rendered":"<p>Adres : Kozyata\u011f\u0131 Mah. Kaya Sultan Sk.No : 69 \/ 24 Kad\u0131k\u00f6y \u0130stanbul, T\u00fcrkiyeTelefon: +90 216 748 74 64 E-posta: info@strater.com.tr<\/p>","protected":false},"author":1,"featured_media":4,"parent":0,"menu_order":0,"comment_status":"closed","ping_status":"closed","template":"","meta":{"footnotes":""},"_links":{"self":[{"href":"https:\/\/www.strater.com.tr\/en\/wp-json\/wp\/v2\/pages\/9"}],"collection":[{"href":"https:\/\/www.strater.com.tr\/en\/wp-json\/wp\/v2\/pages"}],"about":[{"href":"https:\/\/www.strater.com.tr\/en\/wp-json\/wp\/v2\/types\/page"}],"author":[{"embeddable":true,"href":"https:\/\/www.strater.com.tr\/en\/wp-json\/wp\/v2\/users\/1"}],"replies":[{"embeddable":true,"href":"https:\/\/www.strater.com.tr\/en\/wp-json\/wp\/v2\/comments?post=9"}],"version-history":[{"count":42,"href":"https:\/\/www.strater.com.tr\/en\/wp-json\/wp\/v2\/pages\/9\/revisions"}],"predecessor-version":[{"id":2226,"href":"https:\/\/www.strater.com.tr\/en\/wp-json\/wp\/v2\/pages\/9\/revisions\/2226"}],"wp:featuredmedia":[{"embeddable":true,"href":"https:\/\/www.strater.com.tr\/en\/wp-json\/wp\/v2\/media\/4"}],"wp:attachment":[{"href":"https:\/\/www.strater.com.tr\/en\/wp-json\/wp\/v2\/media?parent=9"}],"curies":[{"name":"wp","href":"https:\/\/api.w.org\/{rel}","templated":true}]}}