{"id":1135,"date":"2022-02-19T20:25:32","date_gmt":"2022-02-19T20:25:32","guid":{"rendered":"https:\/\/www.strater.com.tr\/?page_id=1135"},"modified":"2022-02-22T18:17:35","modified_gmt":"2022-02-22T18:17:35","slug":"fiyat-politikasi","status":"publish","type":"page","link":"https:\/\/www.strater.com.tr\/tr_tr\/fiyat-politikasi\/","title":{"rendered":"F\u0130YAT POL\u0130T\u0130KASI"},"content":{"rendered":"<p>\u00c7eviri s\u00fcrecimizle uyumlu bir fiyatlama politikam\u0131z mevcuttur. Otomatik \u00e7evirinin a\u015famalar\u0131 olan motor olu\u015fturma, olu\u015fturulan motorun bak\u0131m\u0131 ve e\u011fitimi, otomatik olarak yap\u0131lan \u00e7evirilerin bir \u00e7evirmen taraf\u0131ndan kontrol\u00fc faaliyetlerinin bir arada ve kelime baz\u0131nda \u00fccretlendirildi\u011fi bu politikada klasik \u00e7eviri faaliyeti i\u00e7in \u00f6denen tutarlar\u0131n \u00e7ok alt\u0131nda bir fiyat m\u00fc\u015fteriye sunulmaktad\u0131r. M\u00fc\u015fteri portal\u0131m\u0131z arac\u0131l\u0131\u011f\u0131yla teklif almak suretiyle \u00e7eviri talepleriniz i\u00e7in \u00f6deyece\u011finiz \u00fccretleri kolayca \u00f6\u011frenebilirsiniz.<\/p>\n","protected":false},"excerpt":{"rendered":"<p>\u00c7eviri s\u00fcrecimizle uyumlu bir fiyatlama politikam\u0131z mevcuttur. Otomatik \u00e7evirinin a\u015famalar\u0131 olan motor olu\u015fturma, olu\u015fturulan motorun bak\u0131m\u0131 ve e\u011fitimi, otomatik olarak yap\u0131lan \u00e7evirilerin bir \u00e7evirmen taraf\u0131ndan kontrol\u00fc faaliyetlerinin bir arada ve kelime baz\u0131nda \u00fccretlendirildi\u011fi bu politikada klasik \u00e7eviri faaliyeti i\u00e7in \u00f6denen tutarlar\u0131n \u00e7ok alt\u0131nda bir fiyat m\u00fc\u015fteriye sunulmaktad\u0131r. M\u00fc\u015fteri portal\u0131m\u0131z arac\u0131l\u0131\u011f\u0131yla teklif almak suretiyle \u00e7eviri talepleriniz [&hellip;]<\/p>\n","protected":false},"author":1,"featured_media":0,"parent":0,"menu_order":0,"comment_status":"closed","ping_status":"closed","template":"","meta":{"footnotes":""},"_links":{"self":[{"href":"https:\/\/www.strater.com.tr\/tr_tr\/wp-json\/wp\/v2\/pages\/1135"}],"collection":[{"href":"https:\/\/www.strater.com.tr\/tr_tr\/wp-json\/wp\/v2\/pages"}],"about":[{"href":"https:\/\/www.strater.com.tr\/tr_tr\/wp-json\/wp\/v2\/types\/page"}],"author":[{"embeddable":true,"href":"https:\/\/www.strater.com.tr\/tr_tr\/wp-json\/wp\/v2\/users\/1"}],"replies":[{"embeddable":true,"href":"https:\/\/www.strater.com.tr\/tr_tr\/wp-json\/wp\/v2\/comments?post=1135"}],"version-history":[{"count":11,"href":"https:\/\/www.strater.com.tr\/tr_tr\/wp-json\/wp\/v2\/pages\/1135\/revisions"}],"predecessor-version":[{"id":1356,"href":"https:\/\/www.strater.com.tr\/tr_tr\/wp-json\/wp\/v2\/pages\/1135\/revisions\/1356"}],"wp:attachment":[{"href":"https:\/\/www.strater.com.tr\/tr_tr\/wp-json\/wp\/v2\/media?parent=1135"}],"curies":[{"name":"wp","href":"https:\/\/api.w.org\/{rel}","templated":true}]}}