{"id":1143,"date":"2022-02-19T20:40:33","date_gmt":"2022-02-19T20:40:33","guid":{"rendered":"https:\/\/www.strater.com.tr\/?page_id=1143"},"modified":"2022-02-21T20:45:00","modified_gmt":"2022-02-21T20:45:00","slug":"m","status":"publish","type":"page","link":"https:\/\/www.strater.com.tr\/tr_tr\/m\/","title":{"rendered":"M\u00dc\u015eTER\u0130 PORTALI"},"content":{"rendered":"<p>M\u00fc\u015fteri portal\u0131m\u0131z arac\u0131l\u0131\u011f\u0131yla \u00e7evrilecek dok\u00fcmanlar\u0131n\u0131z\u0131 (yaz\u0131l\u0131, sesli veya g\u00f6r\u00fcnt\u00fcl\u00fc dosyalar\u0131) a\u015fa\u011f\u0131da yer alan M\u00fc\u015fteri Portal\u0131 ba\u011flant\u0131s\u0131n\u0131 kullanarak iletebilir ve teklif alabilirsiniz.<\/p>\n<p>\t\t\t<a href=\"https:\/\/strater.smartcat.ai\/\" target=\"_blank\" role=\"button\" rel=\"noopener\"><br \/>\n\t\t\t\t\t\tM\u00dc\u015eTER\u0130 PORTALI<br \/>\n\t\t\t\t\t<\/a><\/p>\n","protected":false},"excerpt":{"rendered":"<p>M\u00fc\u015fteri portal\u0131m\u0131z arac\u0131l\u0131\u011f\u0131yla \u00e7evrilecek dok\u00fcmanlar\u0131n\u0131z\u0131 (yaz\u0131l\u0131, sesli veya g\u00f6r\u00fcnt\u00fcl\u00fc dosyalar\u0131) a\u015fa\u011f\u0131da yer alan M\u00fc\u015fteri Portal\u0131 ba\u011flant\u0131s\u0131n\u0131 kullanarak iletebilir ve teklif alabilirsiniz. M\u00dc\u015eTER\u0130 PORTALI<\/p>\n","protected":false},"author":1,"featured_media":0,"parent":0,"menu_order":0,"comment_status":"closed","ping_status":"closed","template":"","meta":{"footnotes":""},"_links":{"self":[{"href":"https:\/\/www.strater.com.tr\/tr_tr\/wp-json\/wp\/v2\/pages\/1143"}],"collection":[{"href":"https:\/\/www.strater.com.tr\/tr_tr\/wp-json\/wp\/v2\/pages"}],"about":[{"href":"https:\/\/www.strater.com.tr\/tr_tr\/wp-json\/wp\/v2\/types\/page"}],"author":[{"embeddable":true,"href":"https:\/\/www.strater.com.tr\/tr_tr\/wp-json\/wp\/v2\/users\/1"}],"replies":[{"embeddable":true,"href":"https:\/\/www.strater.com.tr\/tr_tr\/wp-json\/wp\/v2\/comments?post=1143"}],"version-history":[{"count":41,"href":"https:\/\/www.strater.com.tr\/tr_tr\/wp-json\/wp\/v2\/pages\/1143\/revisions"}],"predecessor-version":[{"id":1320,"href":"https:\/\/www.strater.com.tr\/tr_tr\/wp-json\/wp\/v2\/pages\/1143\/revisions\/1320"}],"wp:attachment":[{"href":"https:\/\/www.strater.com.tr\/tr_tr\/wp-json\/wp\/v2\/media?parent=1143"}],"curies":[{"name":"wp","href":"https:\/\/api.w.org\/{rel}","templated":true}]}}