{"id":1152,"date":"2022-02-19T20:49:06","date_gmt":"2022-02-19T20:49:06","guid":{"rendered":"https:\/\/www.strater.com.tr\/?page_id=1152"},"modified":"2022-02-22T18:15:39","modified_gmt":"2022-02-22T18:15:39","slug":"organizasyon","status":"publish","type":"page","link":"https:\/\/www.strater.com.tr\/tr_tr\/organizasyon\/","title":{"rendered":"ORGAN\u0130ZASYON"},"content":{"rendered":"<p>Strater \u00c7eviri Merkezi\u2019nin organizasyonunda faaliyet g\u00f6steren b\u00f6l\u00fcmler ve g\u00f6rev alanlar\u0131 a\u015fa\u011f\u0131da yer almaktad\u0131r.<\/p>\n<h2>Pazarlama ve Sat\u0131\u015f Y\u00f6netimi B\u00f6l\u00fcm\u00fc<\/h2>\n<p>Strater \u00c7eviri Merkezi\u2019nin faaliyet ve \u00fcr\u00fcnlerinin tan\u0131t\u0131m\u0131 ve m\u00fc\u015fteri ili\u015fkileri bu b\u00f6l\u00fcm taraf\u0131ndan ger\u00e7ekle\u015ftirilmektedir. \u0130nternet sitesi i\u00e7eri\u011finin ve tan\u0131t\u0131m dosyalar\u0131n\u0131n haz\u0131rlanmas\u0131, piyasa ara\u015ft\u0131rmalar\u0131 ve analizleri, sekt\u00f6r\u00fcn durumu, potansiyel m\u00fc\u015fteri takibi, bu m\u00fc\u015fterilerin potansiyel taleplerinin incelenmesi ve bunlara y\u00f6nelik hizmet ve \u00fcr\u00fcn ihtiyac\u0131n\u0131n belirlenmesi b\u00f6l\u00fcm\u00fcn g\u00f6rev tan\u0131m\u0131 i\u00e7erisinde yer almaktad\u0131r.<\/p>\n<h2>Dil Hizmetleri B\u00f6l\u00fcm\u00fc<\/h2>\n<p>M\u00fc\u015fterilerden gelen \u00e7eviri taleplerinin al\u0131narak projelendirilmesi bu b\u00f6l\u00fcm taraf\u0131ndan ger\u00e7ekle\u015ftirilmektedir.<\/p>\n<ul>\n<li>M\u00fc\u015fteriye \u00f6zel motorlar\u0131n haz\u0131rlanmas\u0131, terminoloji \u00e7al\u0131\u015fmas\u0131 yap\u0131lmas\u0131 ve ilgili dok\u00fcmanlarla motorun e\u011fitilmesi ve test edilmesi,<\/li>\n<li>\u00c7eviri talebinin ilgili motorlar vas\u0131tas\u0131yla otomatik olarak \u00e7evrilmesi,<\/li>\n<li>Otomatik \u00e7eviri a\u015famas\u0131 sona erdi\u011finde ortaya \u00e7\u0131kan metinlerin kontrol\u00fc,<\/li>\n<li>Tamamlanan \u00e7evirinin m\u00fc\u015fteriye teslimi<\/li>\n<\/ul>\n<p>\u00a0bu b\u00f6l\u00fcm\u00fcn g\u00f6rev tan\u0131m\u0131 i\u00e7erisinde yer almaktad\u0131r.<\/p>\n<h2>\u0130\u015f Geli\u015ftirme ve Teknik Destek B\u00f6l\u00fcm\u00fc<\/h2>\n<p>Pazarlama ve Sat\u0131\u015f Y\u00f6netimi B\u00f6l\u00fcm\u00fc taraf\u0131ndan belirlenen yeni hizmet ve \u00fcr\u00fcn ihtiyac\u0131na y\u00f6nelik i\u015f ve \u00fcr\u00fcn geli\u015ftirme \u00e7al\u0131\u015fmalar\u0131; masa\u00fcst\u00fc yay\u0131nc\u0131l\u0131k faaliyetleri; merkezimizin faaliyet, uygulama ve hizmetlerinin teknik altyap\u0131lar\u0131n\u0131n haz\u0131rlanmas\u0131; donan\u0131m ve yaz\u0131l\u0131mlar\u0131n belirlenmesi bu b\u00f6l\u00fcm\u00fcn g\u00f6rev alan\u0131 i\u00e7erisine girmektedir.<\/p>\n","protected":false},"excerpt":{"rendered":"<p>Strater \u00c7eviri Merkezi\u2019nin organizasyonunda faaliyet g\u00f6steren b\u00f6l\u00fcmler ve g\u00f6rev alanlar\u0131 a\u015fa\u011f\u0131da yer almaktad\u0131r. Pazarlama ve Sat\u0131\u015f Y\u00f6netimi B\u00f6l\u00fcm\u00fc Strater \u00c7eviri Merkezi\u2019nin faaliyet ve \u00fcr\u00fcnlerinin tan\u0131t\u0131m\u0131 ve m\u00fc\u015fteri ili\u015fkileri bu b\u00f6l\u00fcm taraf\u0131ndan ger\u00e7ekle\u015ftirilmektedir. \u0130nternet sitesi i\u00e7eri\u011finin ve tan\u0131t\u0131m dosyalar\u0131n\u0131n haz\u0131rlanmas\u0131, piyasa ara\u015ft\u0131rmalar\u0131 ve analizleri, sekt\u00f6r\u00fcn durumu, potansiyel m\u00fc\u015fteri takibi, bu m\u00fc\u015fterilerin potansiyel taleplerinin incelenmesi ve bunlara [&hellip;]<\/p>\n","protected":false},"author":1,"featured_media":0,"parent":0,"menu_order":0,"comment_status":"closed","ping_status":"closed","template":"","meta":{"footnotes":""},"_links":{"self":[{"href":"https:\/\/www.strater.com.tr\/tr_tr\/wp-json\/wp\/v2\/pages\/1152"}],"collection":[{"href":"https:\/\/www.strater.com.tr\/tr_tr\/wp-json\/wp\/v2\/pages"}],"about":[{"href":"https:\/\/www.strater.com.tr\/tr_tr\/wp-json\/wp\/v2\/types\/page"}],"author":[{"embeddable":true,"href":"https:\/\/www.strater.com.tr\/tr_tr\/wp-json\/wp\/v2\/users\/1"}],"replies":[{"embeddable":true,"href":"https:\/\/www.strater.com.tr\/tr_tr\/wp-json\/wp\/v2\/comments?post=1152"}],"version-history":[{"count":37,"href":"https:\/\/www.strater.com.tr\/tr_tr\/wp-json\/wp\/v2\/pages\/1152\/revisions"}],"predecessor-version":[{"id":1352,"href":"https:\/\/www.strater.com.tr\/tr_tr\/wp-json\/wp\/v2\/pages\/1152\/revisions\/1352"}],"wp:attachment":[{"href":"https:\/\/www.strater.com.tr\/tr_tr\/wp-json\/wp\/v2\/media?parent=1152"}],"curies":[{"name":"wp","href":"https:\/\/api.w.org\/{rel}","templated":true}]}}