{"id":1582,"date":"2022-02-26T20:25:00","date_gmt":"2022-02-26T20:25:00","guid":{"rendered":"https:\/\/www.strater.com.tr\/?page_id=1582"},"modified":"2022-02-26T20:27:45","modified_gmt":"2022-02-26T20:27:45","slug":"masaustu-yayincilik-2","status":"publish","type":"page","link":"https:\/\/www.strater.com.tr\/tr_tr\/masaustu-yayincilik-2\/","title":{"rendered":"Masa\u00fcst\u00fc Yay\u0131nc\u0131l\u0131k"},"content":{"rendered":"<h2>Masa\u00fcst\u00fc Yay\u0131nc\u0131l\u0131k<\/h2>\n<p>Herhangi bir metni daha sonradan yay\u0131nlamak amac\u0131yla \u00e7evirtiyorsan\u0131z, size matbaa \u00f6ncesi t\u00fcm a\u015famalarda yard\u0131mc\u0131 olabiliriz. B\u00f6ylelikle \u00e7eviri i\u00e7in ayr\u0131, bas\u0131m \u00f6ncesi sayfa d\u00fczeni ve grafik \u00e7al\u0131\u015fmalar i\u00e7in ayr\u0131 ajanslarla \u00e7al\u0131\u015fmak zorunda kalmazs\u0131n\u0131z.<\/p>\n<p>\u00c7evrilen belgenin bas\u0131ma haz\u0131r hale getirilmesi, kurulu\u015fumuzun bir di\u011fer \u00f6nemli faaliyetidir. STRATER \u00c7eviri Merkezi, \u00e7eviriden bask\u0131 \u00f6ncesi haz\u0131rl\u0131\u011fa kadar, kapsaml\u0131 bir masa\u00fcst\u00fc yay\u0131nc\u0131l\u0131k hizmeti sunar.<\/p>\n","protected":false},"excerpt":{"rendered":"<p>Masa\u00fcst\u00fc Yay\u0131nc\u0131l\u0131k Herhangi bir metni daha sonradan yay\u0131nlamak amac\u0131yla \u00e7evirtiyorsan\u0131z, size matbaa \u00f6ncesi t\u00fcm a\u015famalarda yard\u0131mc\u0131 olabiliriz. B\u00f6ylelikle \u00e7eviri i\u00e7in ayr\u0131, bas\u0131m \u00f6ncesi sayfa d\u00fczeni ve grafik \u00e7al\u0131\u015fmalar i\u00e7in ayr\u0131 ajanslarla \u00e7al\u0131\u015fmak zorunda kalmazs\u0131n\u0131z. \u00c7evrilen belgenin bas\u0131ma haz\u0131r hale getirilmesi, kurulu\u015fumuzun bir di\u011fer \u00f6nemli faaliyetidir. STRATER \u00c7eviri Merkezi, \u00e7eviriden bask\u0131 \u00f6ncesi haz\u0131rl\u0131\u011fa kadar, kapsaml\u0131 bir [&hellip;]<\/p>\n","protected":false},"author":1,"featured_media":0,"parent":0,"menu_order":0,"comment_status":"closed","ping_status":"closed","template":"","meta":{"footnotes":""},"_links":{"self":[{"href":"https:\/\/www.strater.com.tr\/tr_tr\/wp-json\/wp\/v2\/pages\/1582"}],"collection":[{"href":"https:\/\/www.strater.com.tr\/tr_tr\/wp-json\/wp\/v2\/pages"}],"about":[{"href":"https:\/\/www.strater.com.tr\/tr_tr\/wp-json\/wp\/v2\/types\/page"}],"author":[{"embeddable":true,"href":"https:\/\/www.strater.com.tr\/tr_tr\/wp-json\/wp\/v2\/users\/1"}],"replies":[{"embeddable":true,"href":"https:\/\/www.strater.com.tr\/tr_tr\/wp-json\/wp\/v2\/comments?post=1582"}],"version-history":[{"count":7,"href":"https:\/\/www.strater.com.tr\/tr_tr\/wp-json\/wp\/v2\/pages\/1582\/revisions"}],"predecessor-version":[{"id":1590,"href":"https:\/\/www.strater.com.tr\/tr_tr\/wp-json\/wp\/v2\/pages\/1582\/revisions\/1590"}],"wp:attachment":[{"href":"https:\/\/www.strater.com.tr\/tr_tr\/wp-json\/wp\/v2\/media?parent=1582"}],"curies":[{"name":"wp","href":"https:\/\/api.w.org\/{rel}","templated":true}]}}