{"id":2232,"date":"2025-11-16T11:29:41","date_gmt":"2025-11-16T11:29:41","guid":{"rendered":"https:\/\/www.strater.com.tr\/?page_id=2232"},"modified":"2025-11-16T12:29:24","modified_gmt":"2025-11-16T12:29:24","slug":"yeminli-tercume","status":"publish","type":"page","link":"https:\/\/www.strater.com.tr\/tr_tr\/yeminli-tercume\/","title":{"rendered":"Yeminli Terc\u00fcme"},"content":{"rendered":"\n<p>Yeminli Terc\u00fcme<\/p>\n\n\n\n<p>Resmi evraklar\u0131n terc\u00fcmesi \u00f6nemli ve ciddi bir i\u015ftir. Bu evraklar\u0131n resmiyet kazanabilmesi ve kabul g\u00f6rmesi i\u00e7in noter onay\u0131 \u015fartt\u0131r. <\/p>\n\n\n\n<p>Strater \u00c7eviri Merkezi olarak \u0130ngilizceden T\u00fcrk\u00e7eye, T\u00fcrk\u00e7eden \u0130ngilizceye, Frans\u0131zcadan T\u00fcrk\u00e7eye ve T\u00fcrk\u00e7eden Frans\u0131zcaya \u00e7evrilmesi gereken evraklar\u0131n noter nezdinde yemin zapt\u0131 bulunan terc\u00fcmanlar\u0131m\u0131z arac\u0131l\u0131\u011f\u0131yla terc\u00fcmesini ger\u00e7ekle\u015ftiriyoruz. <\/p>\n\n\n\n<p>Bu i\u015flemleri geleneksel terc\u00fcme b\u00fcrolar\u0131ndan farkl\u0131 olarak dijital ortamda yap\u0131yoruz. Ba\u015fka bir deyi\u015fle evraklar\u0131 b\u00fcroya getirmenize gerek kalm\u0131yor.<\/p>\n\n\n\n<p>M\u00fc\u015fteri portal\u0131m\u0131z arac\u0131l\u0131\u011f\u0131yla evraklar\u0131n\u0131z\u0131 y\u00fckledikten sonra fiyat teklif s\u00fcre\u00e7lerini tamamlay\u0131p sizin de onay\u0131n\u0131z\u0131 ald\u0131ktan sonra \u00e7evirileri yapmaya ba\u015fl\u0131yoruz. \u00c7eviriler tamamland\u0131ktan sonra yeminli terc\u00fcmanlar\u0131m\u0131z taraf\u0131ndan elektronik imzal\u0131 olarak onaylan\u0131yor. Noter onay\u0131n\u0131n akabinde onayl\u0131 belgenizi tercihinize g\u00f6re ilgili noterden bizzat ya da kurye ile teslim alabilirsiniz.<\/p>\n","protected":false},"excerpt":{"rendered":"<p>Yeminli Terc\u00fcme Resmi evraklar\u0131n terc\u00fcmesi \u00f6nemli ve ciddi bir i\u015ftir. Bu evraklar\u0131n resmiyet kazanabilmesi ve kabul g\u00f6rmesi i\u00e7in noter onay\u0131 \u015fartt\u0131r. Strater \u00c7eviri Merkezi olarak \u0130ngilizceden T\u00fcrk\u00e7eye, T\u00fcrk\u00e7eden \u0130ngilizceye, Frans\u0131zcadan T\u00fcrk\u00e7eye ve T\u00fcrk\u00e7eden Frans\u0131zcaya \u00e7evrilmesi gereken evraklar\u0131n noter nezdinde yemin zapt\u0131 bulunan terc\u00fcmanlar\u0131m\u0131z arac\u0131l\u0131\u011f\u0131yla terc\u00fcmesini ger\u00e7ekle\u015ftiriyoruz. Bu i\u015flemleri geleneksel terc\u00fcme b\u00fcrolar\u0131ndan farkl\u0131 olarak dijital ortamda [&hellip;]<\/p>\n","protected":false},"author":1,"featured_media":0,"parent":0,"menu_order":0,"comment_status":"closed","ping_status":"closed","template":"","meta":{"footnotes":""},"_links":{"self":[{"href":"https:\/\/www.strater.com.tr\/tr_tr\/wp-json\/wp\/v2\/pages\/2232"}],"collection":[{"href":"https:\/\/www.strater.com.tr\/tr_tr\/wp-json\/wp\/v2\/pages"}],"about":[{"href":"https:\/\/www.strater.com.tr\/tr_tr\/wp-json\/wp\/v2\/types\/page"}],"author":[{"embeddable":true,"href":"https:\/\/www.strater.com.tr\/tr_tr\/wp-json\/wp\/v2\/users\/1"}],"replies":[{"embeddable":true,"href":"https:\/\/www.strater.com.tr\/tr_tr\/wp-json\/wp\/v2\/comments?post=2232"}],"version-history":[{"count":4,"href":"https:\/\/www.strater.com.tr\/tr_tr\/wp-json\/wp\/v2\/pages\/2232\/revisions"}],"predecessor-version":[{"id":2242,"href":"https:\/\/www.strater.com.tr\/tr_tr\/wp-json\/wp\/v2\/pages\/2232\/revisions\/2242"}],"wp:attachment":[{"href":"https:\/\/www.strater.com.tr\/tr_tr\/wp-json\/wp\/v2\/media?parent=2232"}],"curies":[{"name":"wp","href":"https:\/\/api.w.org\/{rel}","templated":true}]}}