{"id":406,"date":"2018-11-27T16:43:33","date_gmt":"2018-11-27T13:43:33","guid":{"rendered":"http:\/\/strater.com.tr\/?page_id=406"},"modified":"2019-09-24T00:15:23","modified_gmt":"2019-09-23T21:15:23","slug":"ceviri_portali","status":"publish","type":"page","link":"https:\/\/www.strater.com.tr\/tr_tr\/ceviri_portali\/","title":{"rendered":"\u00c7EV\u0130R\u0130 PORTALI"},"content":{"rendered":"<p><iframe loading=\"lazy\" width=\"1120\" height=\"730\" src=\"https:\/\/strater.smartcat.ai\/\" frameborder=\"0\" allowfullscreen=\"\"><\/iframe><\/p>\n","protected":false},"excerpt":{"rendered":"","protected":false},"author":1,"featured_media":0,"parent":0,"menu_order":0,"comment_status":"closed","ping_status":"closed","template":"","meta":{"footnotes":""},"_links":{"self":[{"href":"https:\/\/www.strater.com.tr\/tr_tr\/wp-json\/wp\/v2\/pages\/406"}],"collection":[{"href":"https:\/\/www.strater.com.tr\/tr_tr\/wp-json\/wp\/v2\/pages"}],"about":[{"href":"https:\/\/www.strater.com.tr\/tr_tr\/wp-json\/wp\/v2\/types\/page"}],"author":[{"embeddable":true,"href":"https:\/\/www.strater.com.tr\/tr_tr\/wp-json\/wp\/v2\/users\/1"}],"replies":[{"embeddable":true,"href":"https:\/\/www.strater.com.tr\/tr_tr\/wp-json\/wp\/v2\/comments?post=406"}],"version-history":[{"count":7,"href":"https:\/\/www.strater.com.tr\/tr_tr\/wp-json\/wp\/v2\/pages\/406\/revisions"}],"predecessor-version":[{"id":562,"href":"https:\/\/www.strater.com.tr\/tr_tr\/wp-json\/wp\/v2\/pages\/406\/revisions\/562"}],"wp:attachment":[{"href":"https:\/\/www.strater.com.tr\/tr_tr\/wp-json\/wp\/v2\/media?parent=406"}],"curies":[{"name":"wp","href":"https:\/\/api.w.org\/{rel}","templated":true}]}}