{"id":684,"date":"2020-02-22T15:53:05","date_gmt":"2020-02-22T12:53:05","guid":{"rendered":"https:\/\/strater.com.tr\/login\/"},"modified":"2020-02-27T10:04:37","modified_gmt":"2020-02-27T07:04:37","slug":"login","status":"publish","type":"page","link":"https:\/\/www.strater.com.tr\/tr_tr\/login\/","title":{"rendered":"\u00dcYE G\u0130R\u0130\u015e"},"content":{"rendered":"<p>[pie_register_login]<\/p>\n","protected":false},"excerpt":{"rendered":"<p>[pie_register_login]<\/p>\n","protected":false},"author":1,"featured_media":0,"parent":0,"menu_order":0,"comment_status":"closed","ping_status":"closed","template":"","meta":{"footnotes":""},"_links":{"self":[{"href":"https:\/\/www.strater.com.tr\/tr_tr\/wp-json\/wp\/v2\/pages\/684"}],"collection":[{"href":"https:\/\/www.strater.com.tr\/tr_tr\/wp-json\/wp\/v2\/pages"}],"about":[{"href":"https:\/\/www.strater.com.tr\/tr_tr\/wp-json\/wp\/v2\/types\/page"}],"author":[{"embeddable":true,"href":"https:\/\/www.strater.com.tr\/tr_tr\/wp-json\/wp\/v2\/users\/1"}],"replies":[{"embeddable":true,"href":"https:\/\/www.strater.com.tr\/tr_tr\/wp-json\/wp\/v2\/comments?post=684"}],"version-history":[{"count":2,"href":"https:\/\/www.strater.com.tr\/tr_tr\/wp-json\/wp\/v2\/pages\/684\/revisions"}],"predecessor-version":[{"id":802,"href":"https:\/\/www.strater.com.tr\/tr_tr\/wp-json\/wp\/v2\/pages\/684\/revisions\/802"}],"wp:attachment":[{"href":"https:\/\/www.strater.com.tr\/tr_tr\/wp-json\/wp\/v2\/media?parent=684"}],"curies":[{"name":"wp","href":"https:\/\/api.w.org\/{rel}","templated":true}]}}