{"id":7,"date":"2018-02-26T13:45:42","date_gmt":"2018-02-26T10:45:42","guid":{"rendered":"http:\/\/strater.com.tr\/?page_id=7"},"modified":"2022-11-16T15:30:29","modified_gmt":"2022-11-16T15:30:29","slug":"kadikoy-kozyatagi-tercume-hizmetleri","status":"publish","type":"page","link":"https:\/\/www.strater.com.tr\/tr_tr\/kadikoy-kozyatagi-tercume-hizmetleri\/","title":{"rendered":"Ana sayfa"},"content":{"rendered":"<p>Sitenize ho\u015f geldiniz! Bu sizin ana sayfan\u0131z, ki ziyaret\u00e7ilerinizin \u00e7o\u011fu sitenize geldi\u011finde ilk olarak bu sayfay\u0131 g\u00f6r\u00fcnt\u00fclerler.<br \/>\n<!-- Google Tag Manager --><br \/>\n<!-- End Google Tag Manager --><\/p>\n","protected":false},"excerpt":{"rendered":"<p>Sitenize ho\u015f geldiniz! Bu sizin ana sayfan\u0131z, ki ziyaret\u00e7ilerinizin \u00e7o\u011fu sitenize geldi\u011finde ilk olarak bu sayfay\u0131 g\u00f6r\u00fcnt\u00fclerler.<\/p>\n","protected":false},"author":1,"featured_media":0,"parent":0,"menu_order":0,"comment_status":"closed","ping_status":"closed","template":"","meta":{"footnotes":""},"_links":{"self":[{"href":"https:\/\/www.strater.com.tr\/tr_tr\/wp-json\/wp\/v2\/pages\/7"}],"collection":[{"href":"https:\/\/www.strater.com.tr\/tr_tr\/wp-json\/wp\/v2\/pages"}],"about":[{"href":"https:\/\/www.strater.com.tr\/tr_tr\/wp-json\/wp\/v2\/types\/page"}],"author":[{"embeddable":true,"href":"https:\/\/www.strater.com.tr\/tr_tr\/wp-json\/wp\/v2\/users\/1"}],"replies":[{"embeddable":true,"href":"https:\/\/www.strater.com.tr\/tr_tr\/wp-json\/wp\/v2\/comments?post=7"}],"version-history":[{"count":8,"href":"https:\/\/www.strater.com.tr\/tr_tr\/wp-json\/wp\/v2\/pages\/7\/revisions"}],"predecessor-version":[{"id":2187,"href":"https:\/\/www.strater.com.tr\/tr_tr\/wp-json\/wp\/v2\/pages\/7\/revisions\/2187"}],"wp:attachment":[{"href":"https:\/\/www.strater.com.tr\/tr_tr\/wp-json\/wp\/v2\/media?parent=7"}],"curies":[{"name":"wp","href":"https:\/\/api.w.org\/{rel}","templated":true}]}}