{"id":8,"date":"2018-02-26T13:45:42","date_gmt":"2018-02-26T10:45:42","guid":{"rendered":"http:\/\/strater.com.tr\/?page_id=8"},"modified":"2022-02-18T21:00:44","modified_gmt":"2022-02-18T21:00:44","slug":"hakkimizda","status":"publish","type":"page","link":"https:\/\/www.strater.com.tr\/tr_tr\/hakkimizda\/","title":{"rendered":"Hakk\u0131m\u0131zda"},"content":{"rendered":"<p><!-- Google Tag Manager --><\/p>\n<p><!-- End Google Tag Manager --><\/p>\n<p><img decoding=\"async\" loading=\"lazy\" src=\"http:\/\/strater.com.tr\/wp-content\/uploads\/masaustu-300x280.jpg\" alt=\"\" width=\"300\" height=\"280\"><\/p>\n<p><strong style=\"font-size: 1.6rem;\">STRATER \u00c7EV\u0130R\u0130 MERKEZ\u0130<\/strong>;<\/p>\n<p>STRATER \u00c7eviri Merkezi \u00e7e\u015fitli uzmanl\u0131k alanlar\u0131nda \u00e7ok dilli \u00e7eviri hizmeti sunan bir kurulu\u015ftur. \u015eirket, kurum ve kurulu\u015flar\u0131n alacaklar\u0131 stratejik kararlarda \u00e7evirinin \u00f6nemine inanarak kurulan ve kurumsalla\u015fan STRATER \u00c7eviri Merkezi ayr\u0131ca, yerelle\u015ftirme ve masa\u00fcst\u00fc yay\u0131nc\u0131l\u0131k (DTP) alanlar\u0131nda da faaliyette bulunmaktad\u0131r.<\/p>\n","protected":false},"excerpt":{"rendered":"<p>STRATER \u00c7EV\u0130R\u0130 MERKEZ\u0130; STRATER \u00c7eviri Merkezi \u00e7e\u015fitli uzmanl\u0131k alanlar\u0131nda \u00e7ok dilli \u00e7eviri hizmeti sunan bir kurulu\u015ftur. \u015eirket, kurum ve kurulu\u015flar\u0131n alacaklar\u0131 stratejik kararlarda \u00e7evirinin \u00f6nemine inanarak kurulan ve kurumsalla\u015fan STRATER \u00c7eviri Merkezi ayr\u0131ca, yerelle\u015ftirme ve masa\u00fcst\u00fc yay\u0131nc\u0131l\u0131k (DTP) alanlar\u0131nda da faaliyette bulunmaktad\u0131r.<\/p>\n","protected":false},"author":1,"featured_media":0,"parent":0,"menu_order":0,"comment_status":"closed","ping_status":"closed","template":"","meta":{"footnotes":""},"_links":{"self":[{"href":"https:\/\/www.strater.com.tr\/tr_tr\/wp-json\/wp\/v2\/pages\/8"}],"collection":[{"href":"https:\/\/www.strater.com.tr\/tr_tr\/wp-json\/wp\/v2\/pages"}],"about":[{"href":"https:\/\/www.strater.com.tr\/tr_tr\/wp-json\/wp\/v2\/types\/page"}],"author":[{"embeddable":true,"href":"https:\/\/www.strater.com.tr\/tr_tr\/wp-json\/wp\/v2\/users\/1"}],"replies":[{"embeddable":true,"href":"https:\/\/www.strater.com.tr\/tr_tr\/wp-json\/wp\/v2\/comments?post=8"}],"version-history":[{"count":38,"href":"https:\/\/www.strater.com.tr\/tr_tr\/wp-json\/wp\/v2\/pages\/8\/revisions"}],"predecessor-version":[{"id":1098,"href":"https:\/\/www.strater.com.tr\/tr_tr\/wp-json\/wp\/v2\/pages\/8\/revisions\/1098"}],"wp:attachment":[{"href":"https:\/\/www.strater.com.tr\/tr_tr\/wp-json\/wp\/v2\/media?parent=8"}],"curies":[{"name":"wp","href":"https:\/\/api.w.org\/{rel}","templated":true}]}}